{"id":3000,"date":"2021-01-18T11:39:15","date_gmt":"2021-01-18T11:39:15","guid":{"rendered":"http:\/\/www.zugober.com\/?post_type=product&#038;p=3000"},"modified":"2023-03-23T17:53:04","modified_gmt":"2023-03-23T17:53:04","slug":"finca-la-malgranda","status":"publish","type":"product","link":"https:\/\/devdebg.zugober.com\/es\/producto\/finca-la-malgranda\/","title":{"rendered":"Finca La Malgranda"},"content":{"rendered":"<p>Color amarillo oro. Por su tiempo de crianza, cuanto m\u00e1s respira m\u00e1s matices desvela. Membrillo y ecos de cantos que rememoran la vi\u00f1a de la que procede. Fragante y elegante.<br \/>\n<strong>Maridaje:<\/strong><br \/>\nTodo tipo de tapas, guisos.<br \/>\nPescados y mariscos.<br \/>\nMouses de pescado y marisco<br \/>\nArroces, Cremas, Ahumados, Foie-gras, jamon<\/p>\n","protected":false},"excerpt":{"rendered":"<p>Botella de 75 cl.<\/p>\n","protected":false},"featured_media":3116,"template":"","meta":{"_zh_post_content":"","_zh_post_name":"","_zh_post_excerpt":"","_zh_post_title":"","_es_post_content":"","_es_post_name":"","_es_post_excerpt":"","_es_post_title":"","_en_post_content":"","_en_post_name":"","_en_post_excerpt":"","_en_post_title":"","edit_language":""},"_links":{"self":[{"href":"https:\/\/devdebg.zugober.com\/es\/wp-json\/wp\/v2\/product\/3000"}],"collection":[{"href":"https:\/\/devdebg.zugober.com\/es\/wp-json\/wp\/v2\/product"}],"about":[{"href":"https:\/\/devdebg.zugober.com\/es\/wp-json\/wp\/v2\/types\/product"}],"wp:featuredmedia":[{"embeddable":true,"href":"https:\/\/devdebg.zugober.com\/es\/wp-json\/wp\/v2\/media\/3116"}],"wp:attachment":[{"href":"https:\/\/devdebg.zugober.com\/es\/wp-json\/wp\/v2\/media?parent=3000"}],"curies":[{"name":"wp","href":"https:\/\/api.w.org\/{rel}","templated":true}]}}