{"id":2684,"date":"2020-04-28T11:00:58","date_gmt":"2020-04-28T11:00:58","guid":{"rendered":"http:\/\/www.zugober.com\/?page_id=2684"},"modified":"2020-04-28T11:08:04","modified_gmt":"2020-04-28T11:08:04","slug":"","status":"publish","type":"page","link":"https:\/\/devdebg.zugober.com\/zh\/politica-de-privacidad\/","title":{"rendered":"","raw":""},"content":{"rendered":"","protected":false,"raw":""},"excerpt":{"rendered":"Bodegas Zugober S.A. le informa que cumple con las directrices establecidas en el Reglamento (UE) 2016\/679 del Parlamento Europeo y del Consejo de 27 Abril [...]","protected":false,"raw":""},"author":1,"featured_media":0,"parent":0,"menu_order":0,"comment_status":"closed","ping_status":"closed","template":"","meta":{"_zh_post_content":"","_zh_post_name":"","_zh_post_excerpt":"","_zh_post_title":"","_es_post_content":"<strong>Bodegas Zugober S.A. <\/strong>le informa que cumple con las directrices establecidas en el Reglamento (UE) 2016\/679 del Parlamento Europeo y del Consejo de 27 Abril de 2016 relativo a la protecci\u00f3n de las personas f\u00edsicas en lo que respecta al tratamiento de datos personales y a la libre circulaci\u00f3n de estos, y dem\u00e1s normativa vigente en cada momento, y vela por garantizar un correcto uso y tratamiento de los datos personales del usuario.\n<h3>Qui\u00e9n es el responsable del tratamiento de sus datos<\/h3>\nBODEGAS ZUGOBER S.A.\nC\/TEJERIAS 13-15, LAPUEBLA DE LABARCA\nALAVA - 01306\nC.I.F. A-01042209\nTlf. <span class=\"LrzXr zdqRlf kno-fv\"><span data-dtype=\"d3ifr\" data-local-attribute=\"d3ph\">945 62 72 28<\/span><\/span>\nhttp:\/\/www.zugober.com\n<h3>Con qu\u00e9 finalidad tratamos sus datos personales<\/h3>\nEn BODEGAS ZUGOBER S.A. tratamos la informaci\u00f3n que nos facilitan las personas interesadas con el fin de prestar el servicio de comercio electr\u00f3nico, as\u00ed como cualquier otro servicio ofertado por nuestra empresa y el env\u00edo de comunicaciones comerciales que nos hayan solicitado.\nRecabamos su informaci\u00f3n personal para gestionar sus compras, pedidos o solicitudes que nos realiza, bien sea a trav\u00e9s de nuestra tienda online o nuestra web corporativa, por tel\u00e9fono o en alg\u00fan formulario en papel.\n<h3>Cu\u00e1l es la legitimizaci\u00f3n para el tratamiento de sus datos<\/h3>\nPara el tratamiento de su informaci\u00f3n personal nos basamos en la legitimizaci\u00f3n por varios motivos:\n<ul>\n \t<li style=\"list-style-type: none;\">\n<ul>\n \t<li>Para el cumplimiento de un contrato y\/o relaci\u00f3n comercial.<\/li>\n \t<li>Para el cumplimiento de distintas obligaciones legales.<\/li>\n \t<li>Por inter\u00e9s leg\u00edtimo, por ejemplo, por motivos de seguridad, para mejorar nuestros servicios y productos a trav\u00e9s de estudios de mercado, o para gestionar las solicitudes, consultas o posibles reclamaciones que pudieran surgir.<\/li>\n \t<li>Con su consentimiento, por ejemplo, para el env\u00edo de ofertas personalizadas u otras comunicaciones comerciales.<\/li>\n<\/ul>\n<\/li>\n<\/ul>\n<h3>Por cu\u00e1nto tiempo almacenamos su informaci\u00f3n personal<\/h3>\nLos datos personales proporcionados se conservar\u00e1n mientras exista una relaci\u00f3n contractual y\/o comercial con usted y posteriormente durante los plazos legalmente establecidos.\nEn estos casos mantendremos la informaci\u00f3n debidamente bloqueada, sin darle ning\u00fan uso, mientras pueda ser necesaria para el ejercicio o defensa de reclamaciones o pueda derivarse alg\u00fan tipo de responsabilidad judicial, legal o contractual de su tratamiento, que deba ser atendida y para lo cual sea necesaria su recuperaci\u00f3n. En ning\u00fan caso se mantendr\u00e1n tus datos m\u00e1s de 10 a\u00f1os desde la finalizaci\u00f3n de la relaci\u00f3n contractual, plazo de conservaci\u00f3n obligatorio establecido por la Ley 10\/2010, de 28 de Abril, de prevenci\u00f3n del blanqueo de capitales y financiaci\u00f3n del terrorismo.\n<h3>Ejercicio de derechos<\/h3>\nEn cumplimiento de lo dispuesto en el Reglamento Europeo 2016\/679, de Protecci\u00f3n de Datos de Car\u00e1cter Personal, como cliente de BODEGAS ZUGOBER S.A. podr\u00e1 en todo momento ejercitar los derechos de <strong>acceso, rectificaci\u00f3n, supresi\u00f3n o \u201cderecho al olvido\u201d, limitaci\u00f3n del tratamiento de sus datos, y oposici\u00f3n<\/strong>, comunic\u00e1ndolo por escrito a BODEGAS ZUGOBER S.A., C\/Tejerias 13-15, Lapuebla de Labarca (Alava) 01306 o a trav\u00e9s de nuestra direcci\u00f3n de correo electr\u00f3nico:<a href=\"mailto:contacto@belezos.com\"> contacto@belezos.com<\/a><strong><u>.<\/u><\/strong>\n<strong>Podr\u00e1s ejercer tus derechos sin coste alguno, y tendr\u00e1s derecho a recibir una respuesta en los plazos establecidos por la legislaci\u00f3n vigente en materia de protecci\u00f3n de datos.<\/strong>\nEn caso de que sienta vulnerados sus derechos en lo concerniente a la protecci\u00f3n de sus datos personales, especialmente cuando no est\u00e9 satisfecho con la respuesta del ejercicio de sus derechos, podr\u00e1 presentar una reclamaci\u00f3n ante la Autoridad de Control, la Agencia Espa\u00f1ola de Protecci\u00f3n de Datos, a trav\u00e9s de su sitio web: <a href=\"https:\/\/www.aepd.es\/agencia\/en-que-podemos-ayudarte.html\">www.aepd.es<\/a>\n<h3>Medidas y Niveles de Seguridad<\/h3>\nEn cumplimiento de la normativa vigente, RGPD, BODEGAS ZUGOBER S.A. ha adoptado las medidas t\u00e9cnicas y organizativas necesarias para mantener el nivel de seguridad requerido en atenci\u00f3n a los datos personales tratados. As\u00ed se evita la p\u00e9rdida, mal uso, alteraci\u00f3n, acceso no autorizado y robo de los datos personales que los interesados pudieran facilitar como consecuencia del acceso a las diferentes secciones de nuestra web.\nConforme a nuestra garant\u00eda de seguridad y confidencialidad estamos especialmente interesados en ofrecerte el m\u00e1s alto nivel de seguridad y proteger la confidencialidad de la informaci\u00f3n que nos aportas. Por ello, l<strong>as transacciones comerciales con realizadas en un entorno de servidor seguro bajo protocolo SSL (Secure Socket Layer).<\/strong>\nNo obstante, si usted publica informaci\u00f3n personal en l\u00ednea que es accesible al p\u00fablico, es posible que usted reciba mensajes no solicitados de otras personas y que sus datos, por tanto, sean conocidos por terceros.\nPor ello, se le recomienda la m\u00e1xima diligencia en esta materia y la utilizaci\u00f3n de todas las herramientas de seguridad que tenga a su alcance.\n<h3>Uso y Tratamiento de datos de car\u00e1cter personal<\/h3>\nEn cumplimiento de lo establecido en el RGPD, le informamos que los datos suministrados, as\u00ed como aquellos datos derivados de su navegaci\u00f3n, podr\u00e1n ser almacenados en los ficheros de la empresa BODEGAS ZUGOBER S.A. y tratados para la finalidad de atender su solicitud y el mantenimiento de la relaci\u00f3n que se establezca en los formularios que suscriba.\nComo titulares de los datos personales y la informaci\u00f3n que nos facilitan, los usuarios deben comprometerse a que \u00e9stos sean exactos, completos, veraces, y a comunicarnos cualquier modificaci\u00f3n a fin de que la informaci\u00f3n contenida en nuestro fichero est\u00e9 en todo momento actualizada y no contenga errores. Los usuarios responder\u00e1n de los da\u00f1os y perjuicios que pudiera ocasionar a causa de la cumplimentaci\u00f3n de los formularios con datos falsos, incompletos o no actualizados.\n<strong><u>Datos de menores<\/u><\/strong>\nEsta p\u00e1gina web no est\u00e1 dirigida a menores de edad. Si eres menor de edad, no intente registrarte como usuario. Si descubrimos que por error hemos obtenido informaci\u00f3n personal de un menor procederemos a eliminar dicha informaci\u00f3n lo antes posible.\n<h3>Consentimiento<\/h3>\nEl usuario prestar\u00e1 su consentimiento para que BODEGAS ZUGOBER S.A. pueda hacer uso de sus datos personales a fin de prestar un correcto cumplimiento de los servicios ofrecidos. La cumplimentaci\u00f3n del formulario incluido en el sitio web implica el consentimiento expreso del usuario a la inclusi\u00f3n de sus datos de car\u00e1cter personal en un fichero, titularidad de BODEGAS ZUGOBER S.A.\n<h3>Cesi\u00f3n a terceros<\/h3>\nBODEGAS ZUGOBER S.A. no ceder\u00e1 datos de car\u00e1cter personal sin el consentimiento expreso de sus titulares, siendo solo cedidos con la finalidad expresada y siempre con el consentimiento del usuario o cliente.\nCuando sea necesario y en cumplimiento de la ley vigente y sus requerimientos podr\u00edamos proceder a compartir su informaci\u00f3n personal con las siguientes categor\u00edas:\nTerceras partes proveedoras de servicios que tratan datos personales en nombre de BODEGAS ZUGOBER S.A., por ejemplo para tratar tarjetas de cr\u00e9dito y pagos, env\u00edos y entregas, gestionar y dar servicio a nuestros datos, distribuir correos electr\u00f3nicos, investigar y analizar, gestionar y promociones de marcas y producto, as\u00ed como administrar ciertos servicios y funciones.\nOtros terceros en la medida necesaria para cumplir con una solicitud del gobierno, una orden judicial o ley aplicable, defendernos contra reclamaciones de terceros, ayudar en la prevenci\u00f3n o investigaci\u00f3n de fraude, etc\u2026\n<h3>Confidencialidad y Secreto Profesional<\/h3>\nEn cumplimiento de lo previsto por la LOPD, BODEGAS ZUGOBER S.A. informa que los datos de car\u00e1cter personal que se recaban directamente del usuario a trav\u00e9s de los distintos recursos disponibles en el portal, ser\u00e1n tratados de forma confidencial y quedar\u00e1n incorporados a los respectivos ficheros de los que BODEGAS ZUGOBER S.A. es responsable, con las finalidades detalladas no siendo utilizados para finalidades incompatibles con estas.\nRecomendamos al cliente que no facilite a terceros su identificaci\u00f3n, contrase\u00f1a o n\u00fameros de referencia que pudi\u00e9ramos proporcionarle para garantizar que la protecci\u00f3n del secreto profesional se preserve en todas las comunicaciones.\n<h3>Modificaci\u00f3n de la Pol\u00edtica de Privacidad<\/h3>\nBODEGAS ZUGOBER S.A. se reserva el derecho a modificar su Pol\u00edtica de Privacidad, de acuerdo a su propio criterio, o motivado por un cambio legislativo, jurisprudencial o doctrinal de la Agencia Espa\u00f1ola de Protecci\u00f3n de Datos.\n<h3>Direcci\u00f3n de contacto<\/h3>\nSitio web oficial, <a href=\"https:\/\/www.zugober.com\">www.zugober.com<\/a>, gestionado por BODEGAS ZUGOBER S.A. inscrita en el Registro Mercantil de Soria, con domicilio social en C\/Tejerias 13-15, Lapuebla de Labarca (Alava) - 01306 y CIF A-01042209.\n<h3>Uso de Cookies<\/h3>\nUtilizamos cookies, que son peque\u00f1os ficheros con informaci\u00f3n sobre su navegaci\u00f3n en esta Plataforma y cuya finalidad principal es facilitar su navegaci\u00f3n en la misma. Para conocer con mayor detalle las cookies que usamos, su finalidad y otra informaci\u00f3n de inter\u00e9s vaya a nuestra Pol\u00edtica de Cookies.","_es_post_name":"politica-de-privacidad","_es_post_excerpt":"","_es_post_title":"Pol\u00edtica de privacidad","_en_post_content":"","_en_post_name":"","_en_post_excerpt":"","_en_post_title":"","edit_language":"zh"},"_links":{"self":[{"href":"https:\/\/devdebg.zugober.com\/zh\/wp-json\/wp\/v2\/pages\/2684"}],"collection":[{"href":"https:\/\/devdebg.zugober.com\/zh\/wp-json\/wp\/v2\/pages"}],"about":[{"href":"https:\/\/devdebg.zugober.com\/zh\/wp-json\/wp\/v2\/types\/page"}],"author":[{"embeddable":true,"href":"https:\/\/devdebg.zugober.com\/zh\/wp-json\/wp\/v2\/users\/1"}],"replies":[{"embeddable":true,"href":"https:\/\/devdebg.zugober.com\/zh\/wp-json\/wp\/v2\/comments?post=2684"}],"version-history":[{"count":3,"href":"https:\/\/devdebg.zugober.com\/zh\/wp-json\/wp\/v2\/pages\/2684\/revisions"}],"predecessor-version":[{"id":2689,"href":"https:\/\/devdebg.zugober.com\/zh\/wp-json\/wp\/v2\/pages\/2684\/revisions\/2689"}],"wp:attachment":[{"href":"https:\/\/devdebg.zugober.com\/zh\/wp-json\/wp\/v2\/media?parent=2684"}],"curies":[{"name":"wp","href":"https:\/\/api.w.org\/{rel}","templated":true}]}}