{"id":2748,"date":"2021-01-15T20:02:16","date_gmt":"2021-01-15T20:02:16","guid":{"rendered":"http:\/\/www.zugober.com\/?post_type=product&#038;p=2748"},"modified":"2023-03-23T17:53:47","modified_gmt":"2023-03-23T17:53:47","slug":"sierra-carbon","status":"publish","type":"product","link":"https:\/\/devdebg.zugober.com\/zh\/producto\/sierra-carbon\/","title":{"rendered":"Sierra Carb\u00f3n"},"content":{"rendered":"<p>De color cereza picota de capa alta con ribetes viol\u00e1ceos. En nariz inicialmente es bals\u00e1mico , fresco y sutiles caracteres minerales. Con notas de fruta roja madura , tostados y especiados. En boca es potente, de paso fresco y sabroso, rica fruta roja , equilibrado y sedoso. Pos gusto largo y persistente.<br \/>\n<strong>Maridaje:<\/strong><br \/>\nEstofados de caza, carnes rojas asadas, cordero asado,<br \/>\njamon iberico.<\/p>\n","protected":false},"excerpt":{"rendered":"<p>Botella de 75 cl.<\/p>\n","protected":false},"featured_media":3118,"template":"","meta":{"_zh_post_content":"","_zh_post_name":"","_zh_post_excerpt":"","_zh_post_title":"","_es_post_content":"","_es_post_name":"","_es_post_excerpt":"","_es_post_title":"","_en_post_content":"","_en_post_name":"","_en_post_excerpt":"","_en_post_title":"","edit_language":""},"_links":{"self":[{"href":"https:\/\/devdebg.zugober.com\/zh\/wp-json\/wp\/v2\/product\/2748"}],"collection":[{"href":"https:\/\/devdebg.zugober.com\/zh\/wp-json\/wp\/v2\/product"}],"about":[{"href":"https:\/\/devdebg.zugober.com\/zh\/wp-json\/wp\/v2\/types\/product"}],"wp:featuredmedia":[{"embeddable":true,"href":"https:\/\/devdebg.zugober.com\/zh\/wp-json\/wp\/v2\/media\/3118"}],"wp:attachment":[{"href":"https:\/\/devdebg.zugober.com\/zh\/wp-json\/wp\/v2\/media?parent=2748"}],"curies":[{"name":"wp","href":"https:\/\/api.w.org\/{rel}","templated":true}]}}